{"id":415,"date":"2025-10-31T10:56:10","date_gmt":"2025-10-31T10:56:10","guid":{"rendered":"https:\/\/www.gemeinschaftspraxis-wemmetsweiler.de\/?page_id=415"},"modified":"2025-11-11T12:15:40","modified_gmt":"2025-11-11T12:15:40","slug":"unser-team-3","status":"publish","type":"page","link":"https:\/\/www.gemeinschaftspraxis-wemmetsweiler.de\/?page_id=415","title":{"rendered":"Unser Team"},"content":{"rendered":"<div class=\"\" style=\"\" >\n    \n    <section class=\"u-clearfix u-palette-1-base u-valign-middle-lg u-valign-middle-sm u-section-2\" id=\"sec-19ba\">\n      \n      <h2 class=\"u-text u-text-default u-text-1\">Unser Team<\/h2>\n      <div class=\"u-expanded-width u-shape u-shape-rectangle u-white u-shape-1\"><\/div>\n      <div class=\"data-layout-selected u-clearfix u-layout-wrap u-layout-wrap-1\">\n        <div class=\"u-gutter-0 u-layout\">\n          <div class=\"u-layout-col\">\n            <div class=\"u-container-style u-image u-image-round u-layout-cell u-radius u-size-60 u-image-1\" data-image-width=\"5472\" data-image-height=\"3648\" style=\"background-image: url(&quot;https:\/\/www.gemeinschaftspraxis-wemmetsweiler.de\/wp-content\/uploads\/2025\/10\/image001-7-scaled.webp&quot;);\">\n              <div class=\"u-container-layout u-container-layout-1\"><\/div>\n            <\/div>\n          <\/div>\n        <\/div>\n      <\/div>\n      <h3 class=\"u-align-center u-text u-text-2\">Unsere \u200bFach\u00e4rztinnen<\/h3>\n      <div class=\"data-layout-selected u-clearfix u-layout-wrap u-layout-wrap-2\">\n        <div class=\"u-gutter-0 u-layout\">\n          <div class=\"u-layout-row\">\n            <div class=\"u-container-style u-layout-cell u-size-30 u-layout-cell-2\">\n              <div class=\"u-container-layout u-valign-top-lg u-valign-top-md u-valign-top-sm u-valign-top-xs u-container-layout-2\">\n                <div alt=\"\" class=\"u-border-2 u-border-grey-75 u-image u-image-circle u-image-2\" data-image-width=\"567\" data-image-height=\"850\" style=\"background-image: url(&quot;https:\/\/www.gemeinschaftspraxis-wemmetsweiler.de\/wp-content\/uploads\/2025\/10\/267ff4a5-6698-485c-9e1c-b0e7168d9f23850.webp&quot;);\"><\/div>\n                <h4 class=\"u-hover-feature u-text u-text-3\"> Dr. Ruth Wilhelm-Schwenk<\/h4>\n                <ul class=\"u-text u-text-4\">\n                  <li> Fach\u00e4rztin f\u00fcr Innere Medizin<\/li>\n                  <li>Fachgebundene Psychotherapie<\/li>\n                  <li>Notfallmedizin<\/li>\n                  <li>Sportmedizin<\/li>\n                  <li>Palliativmedizin<\/li>\n                <\/ul>\n                <div class=\"u-container-style u-expanded-width u-grey-10 u-group u-radius u-shape-round u-group-1\">\n                  <div class=\"u-container-layout u-valign-middle-lg u-valign-middle-sm u-valign-middle-xl u-container-layout-3\">\n                    <p class=\"u-text u-text-5\"> Vormittags t\u00e4glich,&nbsp;Dienstag und Donnerstag Nachmittags<\/p>\n                  <\/div>\n                <\/div>\n              <\/div>\n            <\/div>\n            <div class=\"u-container-style u-layout-cell u-size-30 u-layout-cell-3\">\n              <div class=\"u-container-layout u-valign-bottom-md u-valign-bottom-xs u-valign-top-lg u-valign-top-sm u-container-layout-4\">\n                <div alt=\"\" class=\"u-border-2 u-border-grey-75 u-image u-image-circle u-image-3\" data-image-width=\"300\" data-image-height=\"300\" style=\"background-image: url(&quot;https:\/\/www.gemeinschaftspraxis-wemmetsweiler.de\/wp-content\/uploads\/2025\/10\/petrakappelKopie.webp&quot;);\"><\/div>\n                <h4 class=\"u-text u-text-6\"> Dr. Petra Kappel<\/h4>\n                <ul class=\"u-text u-text-7\">\n                  <li> Fach\u00e4rztin f\u00fcr Allgemeinmedizin<\/li>\n                  <li>\u00d6ffentliches Gesundheitswesen<\/li>\n                  <li>Notfallmedizin<\/li>\n                  <li>Akupunktur<\/li>\n                  <li>Palliativmedizin<\/li>\n                <\/ul>\n                <div class=\"custom-expanded u-container-style u-expanded-width-lg u-expanded-width-xl u-grey-10 u-group u-radius u-shape-round u-group-2\">\n                  <div class=\"u-container-layout u-valign-middle-lg u-valign-middle-sm u-container-layout-5\">\n                    <p class=\"u-align-left-md u-align-left-sm u-align-left-xs u-text u-text-8\"> Vormittags t\u00e4glich, Montag und Freitag Nachmittags<\/p>\n                  <\/div>\n                <\/div>\n              <\/div>\n            <\/div>\n          <\/div>\n        <\/div>\n      <\/div>\n      <h3 class=\"u-align-center u-text u-text-9\">Unser Team<\/h3>\n    <\/section>\n    <section class=\"u-clearfix u-palette-1-base u-section-3\" id=\"sec-e452\">\n      <div class=\"u-clearfix u-sheet u-sheet-1\">\n        <div class=\"data-layout-selected u-clearfix u-expanded-width u-layout-wrap u-layout-wrap-1\">\n          <div class=\"u-gutter-0 u-layout\">\n            <div class=\"u-layout-row\">\n              <div class=\"u-container-style u-layout-cell u-size-30 u-layout-cell-1\">\n                <div class=\"u-container-layout u-valign-top-lg u-valign-top-md u-valign-top-sm u-valign-top-xs u-container-layout-1\">\n                  <div alt=\"\" class=\"u-align-center u-border-2 u-border-grey-75 u-image u-image-circle u-image-1\" data-image-width=\"567\" data-image-height=\"850\" style=\"background-image: url(&quot;https:\/\/www.gemeinschaftspraxis-wemmetsweiler.de\/wp-content\/uploads\/2025\/10\/A_digital_photograph_features_a_middle-aged_Caucas.webp&quot;);\"><\/div>\n                  <h4 class=\"u-align-center u-hover-feature u-text u-text-1\"> Andrea\n          Lambert<\/h4>\n                  <p class=\"u-align-center u-text u-text-2\"> Medizinische Fachangestellte<\/p>\n                <\/div>\n              <\/div>\n              <div class=\"u-container-style u-layout-cell u-size-30 u-layout-cell-2\">\n                <div class=\"u-container-layout u-valign-bottom-md u-valign-bottom-xs u-valign-top-lg u-valign-top-sm u-container-layout-2\">\n                  <div alt=\"\" class=\"u-border-2 u-border-grey-75 u-image u-image-circle u-image-2\" data-image-width=\"567\" data-image-height=\"850\" style=\"background-image: url(&quot;https:\/\/www.gemeinschaftspraxis-wemmetsweiler.de\/wp-content\/uploads\/2025\/10\/b6e19c0c-1931-4986-88d3-f30f1f82f6ae.webp&quot;);\"><\/div>\n                  <h4 class=\"u-align-center u-text u-text-3\"> Tina\n          Gros<\/h4>\n                  <p class=\"u-align-center u-text u-text-4\"> Medizinische Fachangestellte<\/p>\n                <\/div>\n              <\/div>\n            <\/div>\n          <\/div>\n        <\/div>\n      <\/div>\n      \n    <\/section>\n    <section class=\"u-clearfix u-white u-section-4\" id=\"sec-fd73\">\n      <div class=\"u-clearfix u-sheet u-sheet-1\">\n        <div class=\"data-layout-selected u-clearfix u-expanded-width u-layout-wrap u-layout-wrap-1\">\n          <div class=\"u-gutter-0 u-layout\">\n            <div class=\"u-layout-row\">\n              <div class=\"u-container-style u-layout-cell u-size-30 u-layout-cell-1\">\n                <div class=\"u-container-layout u-valign-top-lg u-valign-top-md u-valign-top-sm u-valign-top-xs u-container-layout-1\">\n                  <div alt=\"\" class=\"u-border-2 u-border-grey-75 u-image u-image-circle u-image-1\" data-image-width=\"567\" data-image-height=\"850\" style=\"background-image: url(&quot;https:\/\/www.gemeinschaftspraxis-wemmetsweiler.de\/wp-content\/uploads\/2025\/10\/d685ffe2-52fd-4cb4-a4c7-791b4c000a05.webp&quot;);\"><\/div>\n                  <h4 class=\"u-align-center u-hover-feature u-text u-text-1\"> Sabine\n          Bechtel<\/h4>\n                  <p class=\"u-align-center u-text u-text-2\"> Medizinische Fachangestellte<\/p>\n                <\/div>\n              <\/div>\n              <div class=\"u-container-style u-layout-cell u-size-30 u-layout-cell-2\">\n                <div class=\"u-container-layout u-valign-bottom-md u-valign-bottom-xs u-valign-top-lg u-valign-top-sm u-container-layout-2\">\n                  <div alt=\"\" class=\"u-border-2 u-border-grey-75 u-image u-image-circle u-image-2\" data-image-width=\"567\" data-image-height=\"850\" style=\"background-image: url(&quot;https:\/\/www.gemeinschaftspraxis-wemmetsweiler.de\/wp-content\/uploads\/2025\/10\/3ea63d47-e969-4c24-88fc-eec5b8b5aa80-wm.webp&quot;);\"><\/div>\n                  <h4 class=\"u-align-center u-text u-text-3\"> Tina Meyer<\/h4>\n                  <p class=\"u-align-center u-text u-text-4\"> Medizinische Fachangestellte<\/p>\n                <\/div>\n              <\/div>\n            <\/div>\n          <\/div>\n        <\/div>\n      <\/div>\n      \n    <\/section>\n    <section class=\"u-clearfix u-palette-1-base u-section-5\" id=\"sec-b587\">\n      <div class=\"u-clearfix u-sheet u-valign-top-lg u-valign-top-md u-valign-top-sm u-valign-top-xs u-sheet-1\">\n        <div class=\"data-layout-selected u-clearfix u-expanded-width u-layout-wrap u-layout-wrap-1\">\n          <div class=\"u-gutter-0 u-layout\">\n            <div class=\"u-layout-row\">\n              <div class=\"u-align-center u-container-align-center u-container-style u-layout-cell u-size-30 u-layout-cell-1\">\n                <div class=\"u-container-layout u-valign-top-lg u-valign-top-md u-valign-top-sm u-valign-top-xs u-container-layout-1\">\n                  <div alt=\"\" class=\"u-border-2 u-border-grey-75 u-image u-image-circle u-image-1\" data-image-width=\"1024\" data-image-height=\"1024\" style=\"background-image: url(&quot;https:\/\/www.gemeinschaftspraxis-wemmetsweiler.de\/wp-content\/uploads\/2025\/10\/ChatGPTImage6.Okt_.202515_20_30.png&quot;);\"><\/div>\n                  <h4 class=\"u-hover-feature u-text u-text-1\"> Vanessa\n          Voigt<\/h4>\n                  <p class=\"u-text u-text-2\"> Auszubildende<\/p>\n                <\/div>\n              <\/div>\n              <div class=\"u-container-style u-layout-cell u-size-30 u-layout-cell-2\">\n                <div class=\"u-container-layout u-valign-bottom-md u-valign-bottom-xs u-valign-top-lg u-valign-top-sm u-container-layout-2\">\n                  <div alt=\"\" class=\"u-border-2 u-border-grey-75 u-image u-image-circle u-image-2\" data-image-width=\"567\" data-image-height=\"850\" style=\"background-image: url(&quot;https:\/\/www.gemeinschaftspraxis-wemmetsweiler.de\/wp-content\/uploads\/2025\/10\/2523922f-97d8-4c75-a6dc-5016515a852c-wm.webp&quot;);\"><\/div>\n                  <h4 class=\"u-align-center u-text u-text-3\"> Zyrafete\n          Podujeva<\/h4>\n                  <p class=\"u-align-center u-text u-text-4\"> Auszubildende<\/p>\n                <\/div>\n              <\/div>\n            <\/div>\n          <\/div>\n        <\/div>\n      <\/div>\n      \n    <\/section>\n    <section class=\"u-clearfix u-white u-section-6\" id=\"block-2\">\n      <div class=\"u-clearfix u-sheet u-sheet-1\"><\/div>\n    <\/section>\n    \n    \n    \n  \n<\/div>","protected":false},"excerpt":{"rendered":"<p>Unser Team Unsere \u200bFach\u00e4rztinnen Dr. Ruth Wilhelm-Schwenk Fach\u00e4rztin f\u00fcr Innere Medizin Fachgebundene Psychotherapie Notfallmedizin Sportmedizin Palliativmedizin Vormittags t\u00e4glich,&nbsp;Dienstag und Donnerstag Nachmittags Dr. Petra Kappel Fach\u00e4rztin f\u00fcr Allgemeinmedizin \u00d6ffentliches Gesundheitswesen Notfallmedizin Akupunktur Palliativmedizin Vormittags t\u00e4glich, Montag und Freitag Nachmittags Unser Team Andrea Lambert Medizinische Fachangestellte Tina Gros Medizinische Fachangestellte Sabine Bechtel Medizinische Fachangestellte Tina Meyer Medizinische [&hellip;]<\/p>\n","protected":false},"author":2,"featured_media":0,"parent":0,"menu_order":0,"comment_status":"closed","ping_status":"closed","template":"","meta":{"footnotes":""},"class_list":["post-415","page","type-page","status-publish","hentry"],"yoast_head":"<!-- This site is optimized with the Yoast SEO plugin v26.3 - https:\/\/yoast.com\/wordpress\/plugins\/seo\/ -->\n<title>Unser Team - Gemeinschaftspraxis Wemmetsweiler<\/title>\n<meta name=\"robots\" content=\"index, follow, max-snippet:-1, max-image-preview:large, max-video-preview:-1\" \/>\n<link rel=\"canonical\" href=\"https:\/\/www.gemeinschaftspraxis-wemmetsweiler.de\/?page_id=415\" \/>\n<meta property=\"og:locale\" content=\"de_DE\" \/>\n<meta property=\"og:type\" content=\"article\" \/>\n<meta property=\"og:title\" content=\"Unser Team - Gemeinschaftspraxis Wemmetsweiler\" \/>\n<meta property=\"og:description\" content=\"Unser Team Unsere \u200bFach\u00e4rztinnen Dr. Ruth Wilhelm-Schwenk Fach\u00e4rztin f\u00fcr Innere Medizin Fachgebundene Psychotherapie Notfallmedizin Sportmedizin Palliativmedizin Vormittags t\u00e4glich,&nbsp;Dienstag und Donnerstag Nachmittags Dr. Petra Kappel Fach\u00e4rztin f\u00fcr Allgemeinmedizin \u00d6ffentliches Gesundheitswesen Notfallmedizin Akupunktur Palliativmedizin Vormittags t\u00e4glich, Montag und Freitag Nachmittags Unser Team Andrea Lambert Medizinische Fachangestellte Tina Gros Medizinische Fachangestellte Sabine Bechtel Medizinische Fachangestellte Tina Meyer Medizinische [&hellip;]\" \/>\n<meta property=\"og:url\" content=\"https:\/\/www.gemeinschaftspraxis-wemmetsweiler.de\/?page_id=415\" \/>\n<meta property=\"og:site_name\" content=\"Gemeinschaftspraxis Wemmetsweiler\" \/>\n<meta property=\"article:modified_time\" content=\"2025-11-11T12:15:40+00:00\" \/>\n<meta name=\"twitter:card\" content=\"summary_large_image\" \/>\n<script type=\"application\/ld+json\" class=\"yoast-schema-graph\">{\"@context\":\"https:\/\/schema.org\",\"@graph\":[{\"@type\":\"WebPage\",\"@id\":\"https:\/\/www.gemeinschaftspraxis-wemmetsweiler.de\/?page_id=415\",\"url\":\"https:\/\/www.gemeinschaftspraxis-wemmetsweiler.de\/?page_id=415\",\"name\":\"Unser Team - Gemeinschaftspraxis Wemmetsweiler\",\"isPartOf\":{\"@id\":\"https:\/\/www.gemeinschaftspraxis-wemmetsweiler.de\/#website\"},\"datePublished\":\"2025-10-31T10:56:10+00:00\",\"dateModified\":\"2025-11-11T12:15:40+00:00\",\"breadcrumb\":{\"@id\":\"https:\/\/www.gemeinschaftspraxis-wemmetsweiler.de\/?page_id=415#breadcrumb\"},\"inLanguage\":\"de\",\"potentialAction\":[{\"@type\":\"ReadAction\",\"target\":[\"https:\/\/www.gemeinschaftspraxis-wemmetsweiler.de\/?page_id=415\"]}]},{\"@type\":\"BreadcrumbList\",\"@id\":\"https:\/\/www.gemeinschaftspraxis-wemmetsweiler.de\/?page_id=415#breadcrumb\",\"itemListElement\":[{\"@type\":\"ListItem\",\"position\":1,\"name\":\"Startseite\",\"item\":\"https:\/\/www.gemeinschaftspraxis-wemmetsweiler.de\/\"},{\"@type\":\"ListItem\",\"position\":2,\"name\":\"Unser Team\"}]},{\"@type\":\"WebSite\",\"@id\":\"https:\/\/www.gemeinschaftspraxis-wemmetsweiler.de\/#website\",\"url\":\"https:\/\/www.gemeinschaftspraxis-wemmetsweiler.de\/\",\"name\":\"Gemeinschaftspraxis Wemmetsweiler\",\"description\":\"\",\"potentialAction\":[{\"@type\":\"SearchAction\",\"target\":{\"@type\":\"EntryPoint\",\"urlTemplate\":\"https:\/\/www.gemeinschaftspraxis-wemmetsweiler.de\/?s={search_term_string}\"},\"query-input\":{\"@type\":\"PropertyValueSpecification\",\"valueRequired\":true,\"valueName\":\"search_term_string\"}}],\"inLanguage\":\"de\"}]}<\/script>\n<!-- \/ Yoast SEO plugin. -->","yoast_head_json":{"title":"Unser Team - Gemeinschaftspraxis Wemmetsweiler","robots":{"index":"index","follow":"follow","max-snippet":"max-snippet:-1","max-image-preview":"max-image-preview:large","max-video-preview":"max-video-preview:-1"},"canonical":"https:\/\/www.gemeinschaftspraxis-wemmetsweiler.de\/?page_id=415","og_locale":"de_DE","og_type":"article","og_title":"Unser Team - Gemeinschaftspraxis Wemmetsweiler","og_description":"Unser Team Unsere \u200bFach\u00e4rztinnen Dr. Ruth Wilhelm-Schwenk Fach\u00e4rztin f\u00fcr Innere Medizin Fachgebundene Psychotherapie Notfallmedizin Sportmedizin Palliativmedizin Vormittags t\u00e4glich,&nbsp;Dienstag und Donnerstag Nachmittags Dr. Petra Kappel Fach\u00e4rztin f\u00fcr Allgemeinmedizin \u00d6ffentliches Gesundheitswesen Notfallmedizin Akupunktur Palliativmedizin Vormittags t\u00e4glich, Montag und Freitag Nachmittags Unser Team Andrea Lambert Medizinische Fachangestellte Tina Gros Medizinische Fachangestellte Sabine Bechtel Medizinische Fachangestellte Tina Meyer Medizinische [&hellip;]","og_url":"https:\/\/www.gemeinschaftspraxis-wemmetsweiler.de\/?page_id=415","og_site_name":"Gemeinschaftspraxis Wemmetsweiler","article_modified_time":"2025-11-11T12:15:40+00:00","twitter_card":"summary_large_image","schema":{"@context":"https:\/\/schema.org","@graph":[{"@type":"WebPage","@id":"https:\/\/www.gemeinschaftspraxis-wemmetsweiler.de\/?page_id=415","url":"https:\/\/www.gemeinschaftspraxis-wemmetsweiler.de\/?page_id=415","name":"Unser Team - Gemeinschaftspraxis Wemmetsweiler","isPartOf":{"@id":"https:\/\/www.gemeinschaftspraxis-wemmetsweiler.de\/#website"},"datePublished":"2025-10-31T10:56:10+00:00","dateModified":"2025-11-11T12:15:40+00:00","breadcrumb":{"@id":"https:\/\/www.gemeinschaftspraxis-wemmetsweiler.de\/?page_id=415#breadcrumb"},"inLanguage":"de","potentialAction":[{"@type":"ReadAction","target":["https:\/\/www.gemeinschaftspraxis-wemmetsweiler.de\/?page_id=415"]}]},{"@type":"BreadcrumbList","@id":"https:\/\/www.gemeinschaftspraxis-wemmetsweiler.de\/?page_id=415#breadcrumb","itemListElement":[{"@type":"ListItem","position":1,"name":"Startseite","item":"https:\/\/www.gemeinschaftspraxis-wemmetsweiler.de\/"},{"@type":"ListItem","position":2,"name":"Unser Team"}]},{"@type":"WebSite","@id":"https:\/\/www.gemeinschaftspraxis-wemmetsweiler.de\/#website","url":"https:\/\/www.gemeinschaftspraxis-wemmetsweiler.de\/","name":"Gemeinschaftspraxis Wemmetsweiler","description":"","potentialAction":[{"@type":"SearchAction","target":{"@type":"EntryPoint","urlTemplate":"https:\/\/www.gemeinschaftspraxis-wemmetsweiler.de\/?s={search_term_string}"},"query-input":{"@type":"PropertyValueSpecification","valueRequired":true,"valueName":"search_term_string"}}],"inLanguage":"de"}]}},"_links":{"self":[{"href":"https:\/\/www.gemeinschaftspraxis-wemmetsweiler.de\/index.php?rest_route=\/wp\/v2\/pages\/415","targetHints":{"allow":["GET"]}}],"collection":[{"href":"https:\/\/www.gemeinschaftspraxis-wemmetsweiler.de\/index.php?rest_route=\/wp\/v2\/pages"}],"about":[{"href":"https:\/\/www.gemeinschaftspraxis-wemmetsweiler.de\/index.php?rest_route=\/wp\/v2\/types\/page"}],"author":[{"embeddable":true,"href":"https:\/\/www.gemeinschaftspraxis-wemmetsweiler.de\/index.php?rest_route=\/wp\/v2\/users\/2"}],"replies":[{"embeddable":true,"href":"https:\/\/www.gemeinschaftspraxis-wemmetsweiler.de\/index.php?rest_route=%2Fwp%2Fv2%2Fcomments&post=415"}],"version-history":[{"count":6,"href":"https:\/\/www.gemeinschaftspraxis-wemmetsweiler.de\/index.php?rest_route=\/wp\/v2\/pages\/415\/revisions"}],"predecessor-version":[{"id":436,"href":"https:\/\/www.gemeinschaftspraxis-wemmetsweiler.de\/index.php?rest_route=\/wp\/v2\/pages\/415\/revisions\/436"}],"wp:attachment":[{"href":"https:\/\/www.gemeinschaftspraxis-wemmetsweiler.de\/index.php?rest_route=%2Fwp%2Fv2%2Fmedia&parent=415"}],"curies":[{"name":"wp","href":"https:\/\/api.w.org\/{rel}","templated":true}]}}