{"id":385,"date":"2025-10-07T09:16:01","date_gmt":"2025-10-07T09:16:01","guid":{"rendered":"https:\/\/www.gemeinschaftspraxis-wemmetsweiler.de\/?page_id=385"},"modified":"2025-10-31T10:30:36","modified_gmt":"2025-10-31T10:30:36","slug":"leistungen","status":"publish","type":"page","link":"https:\/\/www.gemeinschaftspraxis-wemmetsweiler.de\/?page_id=385","title":{"rendered":"Leistungen"},"content":{"rendered":"<div class=\"\" style=\"\" >\n    \n    <section class=\"u-align-center u-clearfix u-container-align-center u-section-2\" id=\"block-2\">\n      <div class=\"u-clearfix u-sheet u-valign-middle-lg u-valign-middle-md u-valign-middle-sm u-valign-middle-xs u-sheet-1\">\n        <div class=\"data-layout-selected u-clearfix u-expanded-width u-gutter-0 u-layout-wrap u-layout-wrap-1\">\n          <div class=\"u-layout\" style=\"\">\n            <div class=\"u-layout-row\" style=\"\">\n              <div class=\"skrollable u-align-left u-container-align-left u-container-style u-image u-image-round u-layout-cell u-left-cell u-radius u-size-30 u-size-xs-60 u-image-1\" src=\"\" data-image-width=\"3648\" data-image-height=\"5472\" data-animation-name=\"fadeIn\" data-animation-duration=\"3000\" data-animation-delay=\"0\" style=\"background-image: url(&quot;https:\/\/www.gemeinschaftspraxis-wemmetsweiler.de\/wp-content\/uploads\/2025\/10\/image002-2-scaled.webp&quot;);\">\n                <div class=\"u-container-layout u-valign-middle u-container-layout-1\" src=\"\"><\/div>\n              <\/div>\n              <div class=\"u-align-left u-container-style u-layout-cell u-palette-1-base u-radius u-right-cell u-shape-round u-size-30 u-size-xs-60 u-layout-cell-2\">\n                <div class=\"u-container-layout u-valign-middle-lg u-valign-middle-md u-valign-middle-sm u-valign-middle-xs u-container-layout-2\">\n                  <h2 class=\"u-align-left u-text u-text-1\">Zu unseren Leistungen z\u00e4hlen:<\/h2>\n                  <ul class=\"u-align-left u-text u-text-2\">\n                    <li> Erkennung\n          und Behandlung aller in der haus\u00e4rztlich-internistischen\n          T\u00e4tigkeit anfallenden Erkrankungen<\/li>\n                    <li>Belastungs-EKG<\/li>\n                    <li>Ruhe-EKG<\/li>\n                    <li>Langzeit\n          EKG<\/li>\n                    <li>Labor<\/li>\n                    <li>Langzeit\n          Blutdruck Messung&nbsp;<\/li>\n                    <li>Lungenfunktionspr\u00fcfung<\/li>\n                    <li>Sonographie\n          der Bauchorgane und der Schilddr\u00fcse&nbsp;<\/li>\n                    <li>Palliative\n          Versorgung<\/li>\n                    <li>Hausbesuche&nbsp;<\/li>\n                    <li>Disease-Management-Programme\n          (Diab. mel., KHK, COPD, Asthma)<\/li>\n                  <\/ul>\n                <\/div>\n              <\/div>\n            <\/div>\n          <\/div>\n        <\/div>\n      <\/div>\n    <\/section>\n    <section class=\"u-clearfix u-grey-5 u-section-3\" id=\"block-3\">\n      <div class=\"u-clearfix u-sheet u-valign-middle-lg u-valign-middle-md u-valign-middle-sm u-valign-middle-xs u-sheet-1\">\n        <div class=\"data-layout-selected u-clearfix u-expanded-width u-gutter-10 u-layout-wrap u-layout-wrap-1\">\n          <div class=\"u-gutter-0 u-layout\">\n            <div class=\"u-layout-row\">\n              <div class=\"u-size-30-lg u-size-30-xl u-size-31-sm u-size-31-xs u-size-60-md\">\n                <div class=\"u-layout-row\">\n                  <div class=\"u-align-left u-container-style u-layout-cell u-palette-1-base u-radius u-right-cell u-shape-round u-size-60 u-layout-cell-1\">\n                    <div class=\"u-container-layout u-valign-middle-lg u-valign-middle-md u-valign-middle-sm u-valign-middle-xs u-container-layout-1\">\n                      <h2 class=\"u-align-left u-text u-text-1\"> Zus\u00e4tzlich werden angeboten:<\/h2>\n                      <ul class=\"u-align-left u-text u-text-2\">\n                        <li> Pr\u00e4vention\n      Gesundheitsuntersuchungen\n          ab 35 J., einmalig unter 35 J.<\/li>\n                        <li>Impfungen<\/li>\n                        <li>Jugendarbeitsschutzuntersuchungen&nbsp;<\/li>\n                        <li>Krebsvorsorge&nbsp;<\/li>\n                        <li>Tauchtauglichkeit<\/li>\n                        <li>LKW-F\u00fchrerschein<\/li>\n                        <li>Reizstrombehandlung&nbsp;<\/li>\n                        <li>Infusionstherapie<\/li>\n                      <\/ul>\n                    <\/div>\n                  <\/div>\n                <\/div>\n              <\/div>\n              <div class=\"u-size-29-sm u-size-29-xs u-size-30-lg u-size-30-xl u-size-60-md\">\n                <div class=\"u-layout-col\">\n                  <div class=\"u-align-left u-container-align-left u-container-style u-image u-image-round u-layout-cell u-left-cell u-radius u-size-20 u-image-1\" src=\"\" data-image-width=\"5472\" data-image-height=\"3648\" data-animation-name=\"fadeIn\" data-animation-duration=\"3000\" data-animation-delay=\"0\" style=\"background-image: url(&quot;https:\/\/www.gemeinschaftspraxis-wemmetsweiler.de\/wp-content\/uploads\/2025\/10\/image001-11-scaled.webp&quot;);\">\n                    <div class=\"u-container-layout u-valign-middle u-container-layout-2\" src=\"\"><\/div>\n                  <\/div>\n                  <div class=\"u-align-left u-container-align-left u-container-style u-image u-image-round u-layout-cell u-left-cell u-radius u-size-40 u-image-2\" src=\"\" data-image-width=\"5472\" data-image-height=\"3648\" data-animation-name=\"fadeIn\" data-animation-duration=\"3000\" data-animation-delay=\"0\" style=\"background-image: url(&quot;https:\/\/www.gemeinschaftspraxis-wemmetsweiler.de\/wp-content\/uploads\/2025\/10\/522A1305-scaled.jpg&quot;);\">\n                    <div class=\"u-container-layout u-valign-middle-lg u-valign-middle-md u-valign-middle-sm u-valign-middle-xs u-container-layout-3\" src=\"\"><\/div>\n                  <\/div>\n                <\/div>\n              <\/div>\n            <\/div>\n          <\/div>\n        <\/div>\n      <\/div>\n    <\/section>\n    \n    \n    \n  \n<\/div>","protected":false},"excerpt":{"rendered":"<p>Zu unseren Leistungen z\u00e4hlen: Erkennung und Behandlung aller in der haus\u00e4rztlich-internistischen T\u00e4tigkeit anfallenden Erkrankungen Belastungs-EKG Ruhe-EKG Langzeit EKG Labor Langzeit Blutdruck Messung&nbsp; Lungenfunktionspr\u00fcfung Sonographie der Bauchorgane und der Schilddr\u00fcse&nbsp; Palliative Versorgung Hausbesuche&nbsp; Disease-Management-Programme (Diab. mel., KHK, COPD, Asthma) Zus\u00e4tzlich werden angeboten: Pr\u00e4vention Gesundheitsuntersuchungen ab 35 J., einmalig unter 35 J. Impfungen Jugendarbeitsschutzuntersuchungen&nbsp; Krebsvorsorge&nbsp; Tauchtauglichkeit LKW-F\u00fchrerschein [&hellip;]<\/p>\n","protected":false},"author":2,"featured_media":0,"parent":0,"menu_order":0,"comment_status":"closed","ping_status":"closed","template":"","meta":{"footnotes":""},"class_list":["post-385","page","type-page","status-publish","hentry"],"yoast_head":"<!-- This site is optimized with the Yoast SEO plugin v26.3 - https:\/\/yoast.com\/wordpress\/plugins\/seo\/ -->\n<title>Leistungen - Gemeinschaftspraxis Wemmetsweiler<\/title>\n<meta name=\"robots\" content=\"index, follow, max-snippet:-1, max-image-preview:large, max-video-preview:-1\" \/>\n<link rel=\"canonical\" href=\"https:\/\/www.gemeinschaftspraxis-wemmetsweiler.de\/?page_id=385\" \/>\n<meta property=\"og:locale\" content=\"de_DE\" \/>\n<meta property=\"og:type\" content=\"article\" \/>\n<meta property=\"og:title\" content=\"Leistungen - Gemeinschaftspraxis Wemmetsweiler\" \/>\n<meta property=\"og:description\" content=\"Zu unseren Leistungen z\u00e4hlen: Erkennung und Behandlung aller in der haus\u00e4rztlich-internistischen T\u00e4tigkeit anfallenden Erkrankungen Belastungs-EKG Ruhe-EKG Langzeit EKG Labor Langzeit Blutdruck Messung&nbsp; Lungenfunktionspr\u00fcfung Sonographie der Bauchorgane und der Schilddr\u00fcse&nbsp; Palliative Versorgung Hausbesuche&nbsp; Disease-Management-Programme (Diab. mel., KHK, COPD, Asthma) Zus\u00e4tzlich werden angeboten: Pr\u00e4vention Gesundheitsuntersuchungen ab 35 J., einmalig unter 35 J. Impfungen Jugendarbeitsschutzuntersuchungen&nbsp; Krebsvorsorge&nbsp; Tauchtauglichkeit LKW-F\u00fchrerschein [&hellip;]\" \/>\n<meta property=\"og:url\" content=\"https:\/\/www.gemeinschaftspraxis-wemmetsweiler.de\/?page_id=385\" \/>\n<meta property=\"og:site_name\" content=\"Gemeinschaftspraxis Wemmetsweiler\" \/>\n<meta property=\"article:modified_time\" content=\"2025-10-31T10:30:36+00:00\" \/>\n<meta name=\"twitter:card\" content=\"summary_large_image\" \/>\n<meta name=\"twitter:label1\" content=\"Gesch\u00e4tzte Lesezeit\" \/>\n\t<meta name=\"twitter:data1\" content=\"1\u00a0Minute\" \/>\n<script type=\"application\/ld+json\" class=\"yoast-schema-graph\">{\"@context\":\"https:\/\/schema.org\",\"@graph\":[{\"@type\":\"WebPage\",\"@id\":\"https:\/\/www.gemeinschaftspraxis-wemmetsweiler.de\/?page_id=385\",\"url\":\"https:\/\/www.gemeinschaftspraxis-wemmetsweiler.de\/?page_id=385\",\"name\":\"Leistungen - Gemeinschaftspraxis Wemmetsweiler\",\"isPartOf\":{\"@id\":\"https:\/\/www.gemeinschaftspraxis-wemmetsweiler.de\/#website\"},\"datePublished\":\"2025-10-07T09:16:01+00:00\",\"dateModified\":\"2025-10-31T10:30:36+00:00\",\"breadcrumb\":{\"@id\":\"https:\/\/www.gemeinschaftspraxis-wemmetsweiler.de\/?page_id=385#breadcrumb\"},\"inLanguage\":\"de\",\"potentialAction\":[{\"@type\":\"ReadAction\",\"target\":[\"https:\/\/www.gemeinschaftspraxis-wemmetsweiler.de\/?page_id=385\"]}]},{\"@type\":\"BreadcrumbList\",\"@id\":\"https:\/\/www.gemeinschaftspraxis-wemmetsweiler.de\/?page_id=385#breadcrumb\",\"itemListElement\":[{\"@type\":\"ListItem\",\"position\":1,\"name\":\"Startseite\",\"item\":\"https:\/\/www.gemeinschaftspraxis-wemmetsweiler.de\/\"},{\"@type\":\"ListItem\",\"position\":2,\"name\":\"Leistungen\"}]},{\"@type\":\"WebSite\",\"@id\":\"https:\/\/www.gemeinschaftspraxis-wemmetsweiler.de\/#website\",\"url\":\"https:\/\/www.gemeinschaftspraxis-wemmetsweiler.de\/\",\"name\":\"Gemeinschaftspraxis Wemmetsweiler\",\"description\":\"\",\"potentialAction\":[{\"@type\":\"SearchAction\",\"target\":{\"@type\":\"EntryPoint\",\"urlTemplate\":\"https:\/\/www.gemeinschaftspraxis-wemmetsweiler.de\/?s={search_term_string}\"},\"query-input\":{\"@type\":\"PropertyValueSpecification\",\"valueRequired\":true,\"valueName\":\"search_term_string\"}}],\"inLanguage\":\"de\"}]}<\/script>\n<!-- \/ Yoast SEO plugin. -->","yoast_head_json":{"title":"Leistungen - Gemeinschaftspraxis Wemmetsweiler","robots":{"index":"index","follow":"follow","max-snippet":"max-snippet:-1","max-image-preview":"max-image-preview:large","max-video-preview":"max-video-preview:-1"},"canonical":"https:\/\/www.gemeinschaftspraxis-wemmetsweiler.de\/?page_id=385","og_locale":"de_DE","og_type":"article","og_title":"Leistungen - Gemeinschaftspraxis Wemmetsweiler","og_description":"Zu unseren Leistungen z\u00e4hlen: Erkennung und Behandlung aller in der haus\u00e4rztlich-internistischen T\u00e4tigkeit anfallenden Erkrankungen Belastungs-EKG Ruhe-EKG Langzeit EKG Labor Langzeit Blutdruck Messung&nbsp; Lungenfunktionspr\u00fcfung Sonographie der Bauchorgane und der Schilddr\u00fcse&nbsp; Palliative Versorgung Hausbesuche&nbsp; Disease-Management-Programme (Diab. mel., KHK, COPD, Asthma) Zus\u00e4tzlich werden angeboten: Pr\u00e4vention Gesundheitsuntersuchungen ab 35 J., einmalig unter 35 J. Impfungen Jugendarbeitsschutzuntersuchungen&nbsp; Krebsvorsorge&nbsp; Tauchtauglichkeit LKW-F\u00fchrerschein [&hellip;]","og_url":"https:\/\/www.gemeinschaftspraxis-wemmetsweiler.de\/?page_id=385","og_site_name":"Gemeinschaftspraxis Wemmetsweiler","article_modified_time":"2025-10-31T10:30:36+00:00","twitter_card":"summary_large_image","twitter_misc":{"Gesch\u00e4tzte Lesezeit":"1\u00a0Minute"},"schema":{"@context":"https:\/\/schema.org","@graph":[{"@type":"WebPage","@id":"https:\/\/www.gemeinschaftspraxis-wemmetsweiler.de\/?page_id=385","url":"https:\/\/www.gemeinschaftspraxis-wemmetsweiler.de\/?page_id=385","name":"Leistungen - Gemeinschaftspraxis Wemmetsweiler","isPartOf":{"@id":"https:\/\/www.gemeinschaftspraxis-wemmetsweiler.de\/#website"},"datePublished":"2025-10-07T09:16:01+00:00","dateModified":"2025-10-31T10:30:36+00:00","breadcrumb":{"@id":"https:\/\/www.gemeinschaftspraxis-wemmetsweiler.de\/?page_id=385#breadcrumb"},"inLanguage":"de","potentialAction":[{"@type":"ReadAction","target":["https:\/\/www.gemeinschaftspraxis-wemmetsweiler.de\/?page_id=385"]}]},{"@type":"BreadcrumbList","@id":"https:\/\/www.gemeinschaftspraxis-wemmetsweiler.de\/?page_id=385#breadcrumb","itemListElement":[{"@type":"ListItem","position":1,"name":"Startseite","item":"https:\/\/www.gemeinschaftspraxis-wemmetsweiler.de\/"},{"@type":"ListItem","position":2,"name":"Leistungen"}]},{"@type":"WebSite","@id":"https:\/\/www.gemeinschaftspraxis-wemmetsweiler.de\/#website","url":"https:\/\/www.gemeinschaftspraxis-wemmetsweiler.de\/","name":"Gemeinschaftspraxis Wemmetsweiler","description":"","potentialAction":[{"@type":"SearchAction","target":{"@type":"EntryPoint","urlTemplate":"https:\/\/www.gemeinschaftspraxis-wemmetsweiler.de\/?s={search_term_string}"},"query-input":{"@type":"PropertyValueSpecification","valueRequired":true,"valueName":"search_term_string"}}],"inLanguage":"de"}]}},"_links":{"self":[{"href":"https:\/\/www.gemeinschaftspraxis-wemmetsweiler.de\/index.php?rest_route=\/wp\/v2\/pages\/385","targetHints":{"allow":["GET"]}}],"collection":[{"href":"https:\/\/www.gemeinschaftspraxis-wemmetsweiler.de\/index.php?rest_route=\/wp\/v2\/pages"}],"about":[{"href":"https:\/\/www.gemeinschaftspraxis-wemmetsweiler.de\/index.php?rest_route=\/wp\/v2\/types\/page"}],"author":[{"embeddable":true,"href":"https:\/\/www.gemeinschaftspraxis-wemmetsweiler.de\/index.php?rest_route=\/wp\/v2\/users\/2"}],"replies":[{"embeddable":true,"href":"https:\/\/www.gemeinschaftspraxis-wemmetsweiler.de\/index.php?rest_route=%2Fwp%2Fv2%2Fcomments&post=385"}],"version-history":[{"count":8,"href":"https:\/\/www.gemeinschaftspraxis-wemmetsweiler.de\/index.php?rest_route=\/wp\/v2\/pages\/385\/revisions"}],"predecessor-version":[{"id":414,"href":"https:\/\/www.gemeinschaftspraxis-wemmetsweiler.de\/index.php?rest_route=\/wp\/v2\/pages\/385\/revisions\/414"}],"wp:attachment":[{"href":"https:\/\/www.gemeinschaftspraxis-wemmetsweiler.de\/index.php?rest_route=%2Fwp%2Fv2%2Fmedia&parent=385"}],"curies":[{"name":"wp","href":"https:\/\/api.w.org\/{rel}","templated":true}]}}