{"id":19,"date":"2025-08-07T10:00:08","date_gmt":"2025-08-07T10:00:08","guid":{"rendered":"https:\/\/www.gemeinschaftspraxis-wemmetsweiler.de\/?page_id=19"},"modified":"2025-11-05T09:28:31","modified_gmt":"2025-11-05T09:28:31","slug":"impressum","status":"publish","type":"page","link":"https:\/\/www.gemeinschaftspraxis-wemmetsweiler.de\/?page_id=19","title":{"rendered":"Impressum"},"content":{"rendered":"<div class=\"\" style=\"\" >\n    \n    <section class=\"u-clearfix u-section-2\" id=\"block-1\">\n      <div class=\"u-clearfix u-sheet u-sheet-1\">\n        <div class=\"custom-expanded u-container-style u-grey-10 u-group u-radius u-group-1\">\n          <div class=\"u-container-layout u-container-layout-1\">\n            <p class=\"u-text u-text-default u-text-1\"><span style=\"font-size: 2.25rem;\"> Impressum<\/span>\n              <br>\n              <br><span style=\"font-size: 1rem;\">Dr. med. Ruth Wilhelm-Schwenk<br>Dr. med. Petra Kappel<br>\n                <br>Gemeinschaftspraxis Allgemeinmedizin, Innere Medizin, Notfallmedizin, Psychosomatik u. Sportmedizin<br>Bahnhofstr. 7<br>66589 Merchweiler<br>Telefon: 0 68 25 \/ 94 22-0<br>\n                <br><span style=\"font-weight: 700;\">Zust\u00e4ndige Aufsichtsbeh\u00f6rde:<\/span>\n                <br>Kassen\u00e4rztliche Vereinigung Saarland (KVS)<br>\n                <br>Zust\u00e4ndige Kammer: \u00c4rztekammer des Saarlandes<br>Berufsbezeichnung: Arzt (verliehen in der Bundesrepublik Deutschland)<br>\n                <br><span style=\"font-weight: 700;\">Berufsrechtliche Regelungen:<\/span>\n                <br>\n                <br>-Berufsordnung der \u00c4rztekammer des Saarlandes<br>-Heilberufegesetz des Landes Saarland<br>\n                <br>Die Regelungen finden sich im Gesetzblatt des Landes Saarland<br>Inhaltlich Verantwortlicher gem\u00e4\u00df \u00a7 10 Absatz 3 MDStV: Dr. med. Ruth Wilhelm-Schwenk&nbsp;(Anschrift wie oben)<br>\n                <br><span style=\"font-weight: 700;\">Haftungshinweis:<\/span>\n                <br>\n                <br>Trotz sorgf\u00e4ltiger inhaltlicher Kontrolle \u00fcbernehmen wir keine Haftung f\u00fcr die Inhalte externer Links. F\u00fcr den Inhalt der verlinkten Seiten sind ausschlie\u00dflich deren Betreiber verantwortlich.<br>\n                <br><span style=\"font-weight: 700;\">Erstellung und Programmierung<\/span>\n                <br>\n                <br>BW-Media GmbH - die Internetagentur \u00a9 2025 by&nbsp;<a href=\"http:\/\/www.bw-media.tv\/\" title=\"BW MEDIA\" class=\"u-btn u-button-style u-text-palette-1-base u-btn-1\">www.bw-media.tv<\/a>\n                <br>Pauluseck 10, 66564 Ottweiler<\/span>\n            <\/p>\n          <\/div>\n        <\/div>\n      <\/div>\n    <\/section>\n    \n    \n    \n  \n<\/div>","protected":false},"excerpt":{"rendered":"<p>Impressum Dr. med. Ruth Wilhelm-SchwenkDr. med. Petra Kappel Gemeinschaftspraxis Allgemeinmedizin, Innere Medizin, Notfallmedizin, Psychosomatik u. SportmedizinBahnhofstr. 766589 MerchweilerTelefon: 0 68 25 \/ 94 22-0 Zust\u00e4ndige Aufsichtsbeh\u00f6rde: Kassen\u00e4rztliche Vereinigung Saarland (KVS) Zust\u00e4ndige Kammer: \u00c4rztekammer des SaarlandesBerufsbezeichnung: Arzt (verliehen in der Bundesrepublik Deutschland) Berufsrechtliche Regelungen: -Berufsordnung der \u00c4rztekammer des Saarlandes-Heilberufegesetz des Landes Saarland Die Regelungen finden sich [&hellip;]<\/p>\n","protected":false},"author":2,"featured_media":0,"parent":0,"menu_order":0,"comment_status":"closed","ping_status":"closed","template":"","meta":{"footnotes":""},"class_list":["post-19","page","type-page","status-publish","hentry"],"yoast_head":"<!-- This site is optimized with the Yoast SEO plugin v26.3 - https:\/\/yoast.com\/wordpress\/plugins\/seo\/ -->\n<title>Impressum - Gemeinschaftspraxis Wemmetsweiler<\/title>\n<meta name=\"robots\" content=\"index, follow, max-snippet:-1, max-image-preview:large, max-video-preview:-1\" \/>\n<link rel=\"canonical\" href=\"https:\/\/www.gemeinschaftspraxis-wemmetsweiler.de\/?page_id=19\" \/>\n<meta property=\"og:locale\" content=\"de_DE\" \/>\n<meta property=\"og:type\" content=\"article\" \/>\n<meta property=\"og:title\" content=\"Impressum - Gemeinschaftspraxis Wemmetsweiler\" \/>\n<meta property=\"og:description\" content=\"Impressum Dr. med. Ruth Wilhelm-SchwenkDr. med. Petra Kappel Gemeinschaftspraxis Allgemeinmedizin, Innere Medizin, Notfallmedizin, Psychosomatik u. SportmedizinBahnhofstr. 766589 MerchweilerTelefon: 0 68 25 \/ 94 22-0 Zust\u00e4ndige Aufsichtsbeh\u00f6rde: Kassen\u00e4rztliche Vereinigung Saarland (KVS) Zust\u00e4ndige Kammer: \u00c4rztekammer des SaarlandesBerufsbezeichnung: Arzt (verliehen in der Bundesrepublik Deutschland) Berufsrechtliche Regelungen: -Berufsordnung der \u00c4rztekammer des Saarlandes-Heilberufegesetz des Landes Saarland Die Regelungen finden sich [&hellip;]\" \/>\n<meta property=\"og:url\" content=\"https:\/\/www.gemeinschaftspraxis-wemmetsweiler.de\/?page_id=19\" \/>\n<meta property=\"og:site_name\" content=\"Gemeinschaftspraxis Wemmetsweiler\" \/>\n<meta property=\"article:modified_time\" content=\"2025-11-05T09:28:31+00:00\" \/>\n<meta name=\"twitter:card\" content=\"summary_large_image\" \/>\n<script type=\"application\/ld+json\" class=\"yoast-schema-graph\">{\"@context\":\"https:\/\/schema.org\",\"@graph\":[{\"@type\":\"WebPage\",\"@id\":\"https:\/\/www.gemeinschaftspraxis-wemmetsweiler.de\/?page_id=19\",\"url\":\"https:\/\/www.gemeinschaftspraxis-wemmetsweiler.de\/?page_id=19\",\"name\":\"Impressum - Gemeinschaftspraxis Wemmetsweiler\",\"isPartOf\":{\"@id\":\"https:\/\/www.gemeinschaftspraxis-wemmetsweiler.de\/#website\"},\"datePublished\":\"2025-08-07T10:00:08+00:00\",\"dateModified\":\"2025-11-05T09:28:31+00:00\",\"breadcrumb\":{\"@id\":\"https:\/\/www.gemeinschaftspraxis-wemmetsweiler.de\/?page_id=19#breadcrumb\"},\"inLanguage\":\"de\",\"potentialAction\":[{\"@type\":\"ReadAction\",\"target\":[\"https:\/\/www.gemeinschaftspraxis-wemmetsweiler.de\/?page_id=19\"]}]},{\"@type\":\"BreadcrumbList\",\"@id\":\"https:\/\/www.gemeinschaftspraxis-wemmetsweiler.de\/?page_id=19#breadcrumb\",\"itemListElement\":[{\"@type\":\"ListItem\",\"position\":1,\"name\":\"Startseite\",\"item\":\"https:\/\/www.gemeinschaftspraxis-wemmetsweiler.de\/\"},{\"@type\":\"ListItem\",\"position\":2,\"name\":\"Impressum\"}]},{\"@type\":\"WebSite\",\"@id\":\"https:\/\/www.gemeinschaftspraxis-wemmetsweiler.de\/#website\",\"url\":\"https:\/\/www.gemeinschaftspraxis-wemmetsweiler.de\/\",\"name\":\"Gemeinschaftspraxis Wemmetsweiler\",\"description\":\"\",\"potentialAction\":[{\"@type\":\"SearchAction\",\"target\":{\"@type\":\"EntryPoint\",\"urlTemplate\":\"https:\/\/www.gemeinschaftspraxis-wemmetsweiler.de\/?s={search_term_string}\"},\"query-input\":{\"@type\":\"PropertyValueSpecification\",\"valueRequired\":true,\"valueName\":\"search_term_string\"}}],\"inLanguage\":\"de\"}]}<\/script>\n<!-- \/ Yoast SEO plugin. -->","yoast_head_json":{"title":"Impressum - Gemeinschaftspraxis Wemmetsweiler","robots":{"index":"index","follow":"follow","max-snippet":"max-snippet:-1","max-image-preview":"max-image-preview:large","max-video-preview":"max-video-preview:-1"},"canonical":"https:\/\/www.gemeinschaftspraxis-wemmetsweiler.de\/?page_id=19","og_locale":"de_DE","og_type":"article","og_title":"Impressum - Gemeinschaftspraxis Wemmetsweiler","og_description":"Impressum Dr. med. Ruth Wilhelm-SchwenkDr. med. Petra Kappel Gemeinschaftspraxis Allgemeinmedizin, Innere Medizin, Notfallmedizin, Psychosomatik u. SportmedizinBahnhofstr. 766589 MerchweilerTelefon: 0 68 25 \/ 94 22-0 Zust\u00e4ndige Aufsichtsbeh\u00f6rde: Kassen\u00e4rztliche Vereinigung Saarland (KVS) Zust\u00e4ndige Kammer: \u00c4rztekammer des SaarlandesBerufsbezeichnung: Arzt (verliehen in der Bundesrepublik Deutschland) Berufsrechtliche Regelungen: -Berufsordnung der \u00c4rztekammer des Saarlandes-Heilberufegesetz des Landes Saarland Die Regelungen finden sich [&hellip;]","og_url":"https:\/\/www.gemeinschaftspraxis-wemmetsweiler.de\/?page_id=19","og_site_name":"Gemeinschaftspraxis Wemmetsweiler","article_modified_time":"2025-11-05T09:28:31+00:00","twitter_card":"summary_large_image","schema":{"@context":"https:\/\/schema.org","@graph":[{"@type":"WebPage","@id":"https:\/\/www.gemeinschaftspraxis-wemmetsweiler.de\/?page_id=19","url":"https:\/\/www.gemeinschaftspraxis-wemmetsweiler.de\/?page_id=19","name":"Impressum - Gemeinschaftspraxis Wemmetsweiler","isPartOf":{"@id":"https:\/\/www.gemeinschaftspraxis-wemmetsweiler.de\/#website"},"datePublished":"2025-08-07T10:00:08+00:00","dateModified":"2025-11-05T09:28:31+00:00","breadcrumb":{"@id":"https:\/\/www.gemeinschaftspraxis-wemmetsweiler.de\/?page_id=19#breadcrumb"},"inLanguage":"de","potentialAction":[{"@type":"ReadAction","target":["https:\/\/www.gemeinschaftspraxis-wemmetsweiler.de\/?page_id=19"]}]},{"@type":"BreadcrumbList","@id":"https:\/\/www.gemeinschaftspraxis-wemmetsweiler.de\/?page_id=19#breadcrumb","itemListElement":[{"@type":"ListItem","position":1,"name":"Startseite","item":"https:\/\/www.gemeinschaftspraxis-wemmetsweiler.de\/"},{"@type":"ListItem","position":2,"name":"Impressum"}]},{"@type":"WebSite","@id":"https:\/\/www.gemeinschaftspraxis-wemmetsweiler.de\/#website","url":"https:\/\/www.gemeinschaftspraxis-wemmetsweiler.de\/","name":"Gemeinschaftspraxis Wemmetsweiler","description":"","potentialAction":[{"@type":"SearchAction","target":{"@type":"EntryPoint","urlTemplate":"https:\/\/www.gemeinschaftspraxis-wemmetsweiler.de\/?s={search_term_string}"},"query-input":{"@type":"PropertyValueSpecification","valueRequired":true,"valueName":"search_term_string"}}],"inLanguage":"de"}]}},"_links":{"self":[{"href":"https:\/\/www.gemeinschaftspraxis-wemmetsweiler.de\/index.php?rest_route=\/wp\/v2\/pages\/19","targetHints":{"allow":["GET"]}}],"collection":[{"href":"https:\/\/www.gemeinschaftspraxis-wemmetsweiler.de\/index.php?rest_route=\/wp\/v2\/pages"}],"about":[{"href":"https:\/\/www.gemeinschaftspraxis-wemmetsweiler.de\/index.php?rest_route=\/wp\/v2\/types\/page"}],"author":[{"embeddable":true,"href":"https:\/\/www.gemeinschaftspraxis-wemmetsweiler.de\/index.php?rest_route=\/wp\/v2\/users\/2"}],"replies":[{"embeddable":true,"href":"https:\/\/www.gemeinschaftspraxis-wemmetsweiler.de\/index.php?rest_route=%2Fwp%2Fv2%2Fcomments&post=19"}],"version-history":[{"count":5,"href":"https:\/\/www.gemeinschaftspraxis-wemmetsweiler.de\/index.php?rest_route=\/wp\/v2\/pages\/19\/revisions"}],"predecessor-version":[{"id":507,"href":"https:\/\/www.gemeinschaftspraxis-wemmetsweiler.de\/index.php?rest_route=\/wp\/v2\/pages\/19\/revisions\/507"}],"wp:attachment":[{"href":"https:\/\/www.gemeinschaftspraxis-wemmetsweiler.de\/index.php?rest_route=%2Fwp%2Fv2%2Fmedia&parent=19"}],"curies":[{"name":"wp","href":"https:\/\/api.w.org\/{rel}","templated":true}]}}